{"id":26460,"date":"2023-09-12T10:06:57","date_gmt":"2023-09-12T08:06:57","guid":{"rendered":"https:\/\/www.fitstebedrijf.com\/lexpert-comptable-le-plus-en-forme\/"},"modified":"2024-01-29T14:29:24","modified_gmt":"2024-01-29T13:29:24","slug":"lexpert-comptable-le-plus-en-forme","status":"publish","type":"page","link":"https:\/\/www.fitstebedrijf.com\/fr\/lexpert-comptable-le-plus-en-forme\/","title":{"rendered":"L\u2019Expert-comptable le Plus en Forme"},"content":{"rendered":"\n<h2 class=\"wsite-content-title\"><\/h2>\n<div class=\"row\"  id=\"row-833812406\">\n\n\n\t<div id=\"col-621581670\" class=\"col medium-5 small-12 large-5\"  >\n\t\t\t\t<div class=\"col-inner\"  >\n\t\t\t\n\t\t\t\n\n<div class=\"container section-title-container\" ><h3 class=\"section-title section-title-normal\"><b><\/b><span class=\"section-title-main\" >Vous \u00eates l\u2019expert-comptable le plus en forme?<\/span><b><\/b><\/h3><\/div>\n\n<span style=\"font-weight: 400;\">Participez et gagnez le titre \u00ab\u00a0d\u2019Expert-comptable le Plus en Forme\u00a0\u00bb pendant un an.<\/span>\r\n\r\n<span style=\"font-weight: 400;\">Montrez en 12 semaines que votre entreprise est le plus en forme et la plus vitale de Belgique dans votre secteur. <\/span>\r\n\r\n<span style=\"font-weight: 400;\">Optimisez votre forme physique et tentez de gagner des prix fantastiques ! Encouragez votre g\u00e9rant \u00e0 participer maintenant!<\/span>\n<a href=\"https:\/\/www.fitstebedrijf.com\/en\/contact\/\" target=\"_self\" class=\"button primary\"  style=\"border-radius:99px;\">\n    <span>Enregistrer<\/span>\n  <\/a>\n\n\n\n\t\t<\/div>\n\t\t\t\t\t<\/div>\n\n\t\n\n\t<div id=\"col-11140292\" class=\"col medium-7 small-12 large-7\"  >\n\t\t\t\t<div class=\"col-inner\"  >\n\t\t\t\n\t\t\t\n\n\t<div id=\"gap-292658073\" class=\"gap-element clearfix\" style=\"display:block; height:auto;\">\n\t\t\n<style>\n#gap-292658073 {\n  padding-top: 60px;\n}\n<\/style>\n\t<\/div>\n\t\n\n<div class=\"row\"  id=\"row-106228800\">\n\n\n\t<div id=\"col-317934693\" class=\"col medium-6 small-12 large-6\"  >\n\t\t\t\t<div class=\"col-inner\"  >\n\t\t\t\n\t\t\t\n\n\t<div class=\"img has-hover x md-x lg-x y md-y lg-y\" id=\"image_662280429\">\n\t\t<a class=\"\" href=\"https:\/\/ready2improve.be\/en\" target=\"_blank\" rel=\"noopener noreferrer\" >\t\t\t\t\t\t<div class=\"img-inner dark\" >\n\t\t\t<img loading=\"lazy\" decoding=\"async\" width=\"1020\" height=\"347\" src=\"https:\/\/www.fitstebedrijf.com\/wp-content\/uploads\/2023\/06\/R2I_deflogo_horizontaal.png\" class=\"attachment-large size-large\" alt=\"\" srcset=\"https:\/\/www.fitstebedrijf.com\/wp-content\/uploads\/2023\/06\/R2I_deflogo_horizontaal.png 1175w, https:\/\/www.fitstebedrijf.com\/wp-content\/uploads\/2023\/06\/R2I_deflogo_horizontaal-800x272.png 800w, https:\/\/www.fitstebedrijf.com\/wp-content\/uploads\/2023\/06\/R2I_deflogo_horizontaal-768x261.png 768w, https:\/\/www.fitstebedrijf.com\/wp-content\/uploads\/2023\/06\/R2I_deflogo_horizontaal-600x204.png 600w\" sizes=\"auto, (max-width: 1020px) 100vw, 1020px\" data-attachment-id=\"24875\" data-permalink=\"https:\/\/www.fitstebedrijf.com\/fr\/r2i_deflogo_horizontaal\/\" data-orig-file=\"https:\/\/www.fitstebedrijf.com\/wp-content\/uploads\/2023\/06\/R2I_deflogo_horizontaal.png\" data-orig-size=\"1175,400\" data-comments-opened=\"1\" data-image-meta=\"{&quot;aperture&quot;:&quot;0&quot;,&quot;credit&quot;:&quot;&quot;,&quot;camera&quot;:&quot;&quot;,&quot;caption&quot;:&quot;&quot;,&quot;created_timestamp&quot;:&quot;0&quot;,&quot;copyright&quot;:&quot;&quot;,&quot;focal_length&quot;:&quot;0&quot;,&quot;iso&quot;:&quot;0&quot;,&quot;shutter_speed&quot;:&quot;0&quot;,&quot;title&quot;:&quot;&quot;,&quot;orientation&quot;:&quot;0&quot;}\" data-image-title=\"R2I_deflogo_horizontaal\" data-image-description=\"\" data-image-caption=\"\" data-medium-file=\"https:\/\/www.fitstebedrijf.com\/wp-content\/uploads\/2023\/06\/R2I_deflogo_horizontaal-800x272.png\" data-large-file=\"https:\/\/www.fitstebedrijf.com\/wp-content\/uploads\/2023\/06\/R2I_deflogo_horizontaal.png\" \/>\t\t\t\t\t\t\n\t\t\t\t\t<\/div>\n\t\t\t\t\t\t<\/a>\t\t\n<style>\n#image_662280429 {\n  width: 100%;\n}\n<\/style>\n\t<\/div>\n\t\n\n\n\t\t<\/div>\n\t\t\t\t\t<\/div>\n\n\t\n\n\t<div id=\"col-1715870845\" class=\"col medium-6 small-12 large-6\"  >\n\t\t\t\t<div class=\"col-inner\"  >\n\t\t\t\n\t\t\t\n\n\t<div class=\"img has-hover x md-x lg-x y md-y lg-y\" id=\"image_1394137307\">\n\t\t<a class=\"\" href=\"https:\/\/www.partena-professional.be\/en\" target=\"_blank\" rel=\"noopener noreferrer\" >\t\t\t\t\t\t<div class=\"img-inner dark\" >\n\t\t\t<img loading=\"lazy\" decoding=\"async\" width=\"1020\" height=\"369\" src=\"https:\/\/www.fitstebedrijf.com\/wp-content\/uploads\/2023\/08\/partena_pos_rgb-1400x506.png\" class=\"attachment-large size-large\" alt=\"\" srcset=\"https:\/\/www.fitstebedrijf.com\/wp-content\/uploads\/2023\/08\/partena_pos_rgb-1400x506.png 1400w, https:\/\/www.fitstebedrijf.com\/wp-content\/uploads\/2023\/08\/partena_pos_rgb-800x289.png 800w, https:\/\/www.fitstebedrijf.com\/wp-content\/uploads\/2023\/08\/partena_pos_rgb-768x277.png 768w, https:\/\/www.fitstebedrijf.com\/wp-content\/uploads\/2023\/08\/partena_pos_rgb-1536x555.png 1536w, https:\/\/www.fitstebedrijf.com\/wp-content\/uploads\/2023\/08\/partena_pos_rgb-600x217.png 600w, https:\/\/www.fitstebedrijf.com\/wp-content\/uploads\/2023\/08\/partena_pos_rgb.png 1966w\" sizes=\"auto, (max-width: 1020px) 100vw, 1020px\" data-attachment-id=\"25873\" data-permalink=\"https:\/\/www.fitstebedrijf.com\/fr\/partena_pos_rgb\/\" data-orig-file=\"https:\/\/www.fitstebedrijf.com\/wp-content\/uploads\/2023\/08\/partena_pos_rgb.png\" data-orig-size=\"1966,710\" data-comments-opened=\"1\" data-image-meta=\"{&quot;aperture&quot;:&quot;0&quot;,&quot;credit&quot;:&quot;&quot;,&quot;camera&quot;:&quot;&quot;,&quot;caption&quot;:&quot;&quot;,&quot;created_timestamp&quot;:&quot;0&quot;,&quot;copyright&quot;:&quot;&quot;,&quot;focal_length&quot;:&quot;0&quot;,&quot;iso&quot;:&quot;0&quot;,&quot;shutter_speed&quot;:&quot;0&quot;,&quot;title&quot;:&quot;&quot;,&quot;orientation&quot;:&quot;0&quot;}\" data-image-title=\"partena_pos_rgb\" data-image-description=\"\" data-image-caption=\"\" data-medium-file=\"https:\/\/www.fitstebedrijf.com\/wp-content\/uploads\/2023\/08\/partena_pos_rgb-800x289.png\" data-large-file=\"https:\/\/www.fitstebedrijf.com\/wp-content\/uploads\/2023\/08\/partena_pos_rgb-1400x506.png\" \/>\t\t\t\t\t\t\n\t\t\t\t\t<\/div>\n\t\t\t\t\t\t<\/a>\t\t\n<style>\n#image_1394137307 {\n  width: 100%;\n}\n<\/style>\n\t<\/div>\n\t\n\n\n\t\t<\/div>\n\t\t\t\t\t<\/div>\n\n\t\n\n<\/div>\n  <div class=\"icon-box testimonial-box icon-box-center text-center\">\n                <div class=\"icon-box-text p-last-0\">\n            \t\t\t\t<div class=\"testimonial-text line-height-small italic test_text first-reset last-reset is-italic\">\n            \n\n<div class=\"is-divider divider clearfix\" ><\/div>\r\n\r\n<span style=\"font-weight: 400;\">Dans le monde du travail, un \u00e9quilibre sain entre la vie professionnelle et personnelle est essentiel. C&rsquo;est pourquoi Partena Professional soutient l&rsquo;initiative \u00ab\u00a0L\u2019Expert-comptable le Plus en Forme\u00a0\u00bb!<\/span>\n\n          <\/div>\n          <div class=\"testimonial-meta pt-half\">\n             <strong class=\"testimonial-name test_name\"><\/strong>\n                          <span class=\"testimonial-company test_company\">Partena Professional<\/span>\n          <\/div>\n        <\/div>\n  <\/div>\n\n  \n\n\t\t<\/div>\n\t\t\t\t\t<\/div>\n\n\t\n\n<\/div>\n\t<section class=\"section\" id=\"section_230817874\">\n\t\t<div class=\"bg section-bg fill bg-fill  bg-loaded\" >\n\n\t\t\t\n\t\t\t\n\t\t\t\n\n\t\t<\/div>\n\n\t\t\n\n\t\t<div class=\"section-content relative\">\n\t\t\t\n\n<div class=\"row align-center\"  id=\"row-1242496891\">\n\n\n\t<div id=\"col-1304430350\" class=\"col medium-10 small-12 large-10\"  >\n\t\t\t\t<div class=\"col-inner text-center\"  >\n\t\t\t\n\t\t\t\n\n<h2 class=\"uppercase\">COMMENT \u00e7a fonctionne?<\/h2>\r\n<ul>\r\n \t<li style=\"font-weight: 400;\" aria-level=\"1\"><strong>Votre premier moment de mesure:\r\n<\/strong><span class=\"x3nfvp2 x1j61x8r x1fcty0u xdj266r xhhsvwb xat24cr xgzva0m xxymvpz xlup9mm x1kky2od\"><span style=\"font-weight: 400;\">\r\nFaites-vous peser et participez \u00e0 un test de marche ou de course, sous la supervision de notre coach professionnel de Ready2Improve.<\/span><\/span><\/li>\r\n \t<li style=\"text-align: left;\"><strong>Votre programme d&rsquo;entra\u00eenement pendant 12 semaines:\r\n<\/strong><span style=\"font-weight: 400;\">\r\nUn programme d&rsquo;entra\u00eenement personnalis\u00e9 bas\u00e9 sur des minutes d&rsquo;entra\u00eenement actif + un coaching en ligne (par courriel e-mail) concernant la sant\u00e9.<\/span><\/li>\r\n \t<li style=\"text-align: left;\"><strong>Votre deuxi\u00e8me moment de mesure:\r\n<\/strong><span style=\"font-weight: 400;\">\r\nIl est temps de montrer votre progr\u00e8s en passant un nouveau test de condition physique.<\/span><\/li>\r\n \t<li style=\"text-align: left;\"><b>La fin:\r\n<\/b>\r\nLe cabinet comptable qui a r\u00e9alis\u00e9 le plus d\u2019am\u00e9lioration entre les deux tests, remporte le titre prestigieuse \u00ab\u00a0d\u2019Expert-comptable le Plus en Forme\u00a0\u00bb.<\/li>\r\n<\/ul>\r\n<span style=\"font-weight: 400;\">Travaillons ensemble pour encourager de saines habitudes dans votre environnement de travail.<\/span>\n\n\t\t<\/div>\n\t\t\t\t\t<\/div>\n\n\t\n\n<\/div>\n\n\t\t<\/div>\n\n\t\t\n<style>\n#section_230817874 {\n  padding-top: 60px;\n  padding-bottom: 60px;\n  min-height: 300px;\n  background-color: rgb(233, 233, 233);\n}\n#section_230817874 .ux-shape-divider--top svg {\n  height: 150px;\n  --divider-top-width: 100%;\n}\n#section_230817874 .ux-shape-divider--bottom svg {\n  height: 150px;\n  --divider-width: 100%;\n}\n<\/style>\n\t<\/section>\n\t\n  <div id=\"page-header-998404694\" class=\"page-header-wrapper\">\n  <div class=\"page-title dark featured-title\">\n\n    \n    <div class=\"page-title-inner container align-center flex-row medium-flex-wrap\" >\n              <div class=\"title-wrapper flex-col text-left medium-text-center\">\n          <h1 class=\"entry-title mb-0\">\n            Comment les participants ont-ils v\u00e9cu ce concours ?          <\/h1>\n        <\/div>\n                    <div class=\"title-content flex-col flex-right text-right medium-text-center\">\n        <div class=\"title-breadcrumbs pb-half pt-half\"><nav class=\"woocommerce-breadcrumb breadcrumbs uppercase\">Accueil<\/nav><\/div>      <\/div>\n    <\/div>\n\n       <\/div>\n    <\/div>\n  \n\n<div class=\"row align-equal row-box-shadow-2 row-box-shadow-5-hover\"  id=\"row-494582261\">\n\n\n\t<div id=\"col-180212079\" class=\"col medium-4 small-12 large-4\"  >\n\t\t\t\t<div class=\"col-inner\"  >\n\t\t\t\n\t\t\t\n\n  <div class=\"icon-box testimonial-box icon-box-center text-center\">\n                <div class=\"icon-box-img testimonial-image circle\" style=\"width: 101px\">\n                      <\/div>\n                <div class=\"icon-box-text p-last-0\">\n            \t\t\t\t<div class=\"testimonial-text line-height-small italic test_text first-reset last-reset is-italic\">\n            \n\n\t<div class=\"img has-hover x md-x lg-x y md-y lg-y\" id=\"image_132660836\">\n\t\t<a class=\"\" href=\"https:\/\/www.aenco.be\/en\" target=\"_blank\" rel=\"noopener noreferrer\" >\t\t\t\t\t\t<div class=\"img-inner dark\" >\n\t\t\t<img loading=\"lazy\" decoding=\"async\" width=\"250\" height=\"144\" src=\"https:\/\/www.fitstebedrijf.com\/wp-content\/uploads\/2023\/08\/ACo-logo.png\" class=\"attachment-large size-large\" alt=\"\" data-attachment-id=\"25869\" data-permalink=\"https:\/\/www.fitstebedrijf.com\/fr\/aco-logo\/\" data-orig-file=\"https:\/\/www.fitstebedrijf.com\/wp-content\/uploads\/2023\/08\/ACo-logo.png\" data-orig-size=\"250,144\" data-comments-opened=\"1\" data-image-meta=\"{&quot;aperture&quot;:&quot;0&quot;,&quot;credit&quot;:&quot;&quot;,&quot;camera&quot;:&quot;&quot;,&quot;caption&quot;:&quot;&quot;,&quot;created_timestamp&quot;:&quot;0&quot;,&quot;copyright&quot;:&quot;&quot;,&quot;focal_length&quot;:&quot;0&quot;,&quot;iso&quot;:&quot;0&quot;,&quot;shutter_speed&quot;:&quot;0&quot;,&quot;title&quot;:&quot;&quot;,&quot;orientation&quot;:&quot;0&quot;}\" data-image-title=\"A&#038;Co logo\" data-image-description=\"\" data-image-caption=\"\" data-medium-file=\"https:\/\/www.fitstebedrijf.com\/wp-content\/uploads\/2023\/08\/ACo-logo.png\" data-large-file=\"https:\/\/www.fitstebedrijf.com\/wp-content\/uploads\/2023\/08\/ACo-logo.png\" \/>\t\t\t\t\t\t\n\t\t\t\t\t<\/div>\n\t\t\t\t\t\t<\/a>\t\t\n<style>\n#image_132660836 {\n  width: 84%;\n}\n<\/style>\n\t<\/div>\n\t\n\n<div class=\"text-center\"><div class=\"is-divider divider clearfix\" style=\"margin-top:2.6em;margin-bottom:2.6em;\"><\/div><\/div>\r\n<blockquote>\r\n<p class=\"wsite-content-title\">\u00ab\u00a0Ik vond dat deelname aan deze wedstrijd de sfeer in ons team bevorderde. Het gaf ons een fijn groepsgevoel, en dat was voor ons het belangrijkste. We zijn er ook allemaal fitter door geworden.\u00a0\u00bb<\/p>\r\n<\/blockquote>\n\n          <\/div>\n          <div class=\"testimonial-meta pt-half\">\n             <strong class=\"testimonial-name test_name\">Ann Van Baelen<\/strong>\n             <span class=\"testimonial-name-divider\"> \/ <\/span>             <span class=\"testimonial-company test_company\">A&Co accountants<\/span>\n          <\/div>\n        <\/div>\n  <\/div>\n\n  \n\t<div id=\"gap-584323285\" class=\"gap-element clearfix\" style=\"display:block; height:auto;\">\n\t\t\n<style>\n#gap-584323285 {\n  padding-top: 30px;\n}\n<\/style>\n\t<\/div>\n\t\n\n<div class=\"row\"  id=\"row-1303110414\">\n\n\n\t<div id=\"col-2138183528\" class=\"col small-12 large-12\"  >\n\t\t\t\t<div class=\"col-inner text-center\"  >\n\t\t\t\n\t\t\t\n\n<p>Benieuwd naar hoe A&#038;Co het er bij hun eerste deelname vanaf hebben gebracht?<\/p>\n<a href=\"https:\/\/www.made-in.be\/limburg\/accountants-zijn-fitste-bedrijf-van-limburg\/\" target=\"_self\" class=\"button primary is-outline\"  style=\"border-radius:99px;\">\n    <span>D\u00e9couvrez ici<\/span>\n  <\/a>\n\n\n\n\t\t<\/div>\n\t\t\t\t\t<\/div>\n\n\t\n\n<\/div>\n\n\t\t<\/div>\n\t\t\t\t\t<\/div>\n\n\t\n\n\t<div id=\"col-1610033926\" class=\"col medium-4 small-12 large-4\"  >\n\t\t\t\t<div class=\"col-inner text-center\"  >\n\t\t\t\n\t\t\t\n\n\t<div class=\"img has-hover x md-x lg-x y md-y lg-y\" id=\"image_839817248\">\n\t\t<a class=\"\" href=\"https:\/\/www.afsc.be\/\" target=\"_blank\" rel=\"noopener noreferrer\" >\t\t\t\t\t\t<div class=\"img-inner dark\" >\n\t\t\t<img loading=\"lazy\" decoding=\"async\" width=\"454\" height=\"448\" src=\"https:\/\/www.fitstebedrijf.com\/wp-content\/uploads\/2023\/08\/afs-care-logo.png\" class=\"attachment-large size-large\" alt=\"\" srcset=\"https:\/\/www.fitstebedrijf.com\/wp-content\/uploads\/2023\/08\/afs-care-logo.png 454w, https:\/\/www.fitstebedrijf.com\/wp-content\/uploads\/2023\/08\/afs-care-logo-405x400.png 405w, https:\/\/www.fitstebedrijf.com\/wp-content\/uploads\/2023\/08\/afs-care-logo-100x100.png 100w\" sizes=\"auto, (max-width: 454px) 100vw, 454px\" data-attachment-id=\"25871\" data-permalink=\"https:\/\/www.fitstebedrijf.com\/fr\/afs-care-logo\/\" data-orig-file=\"https:\/\/www.fitstebedrijf.com\/wp-content\/uploads\/2023\/08\/afs-care-logo.png\" data-orig-size=\"454,448\" data-comments-opened=\"1\" data-image-meta=\"{&quot;aperture&quot;:&quot;0&quot;,&quot;credit&quot;:&quot;&quot;,&quot;camera&quot;:&quot;&quot;,&quot;caption&quot;:&quot;&quot;,&quot;created_timestamp&quot;:&quot;0&quot;,&quot;copyright&quot;:&quot;&quot;,&quot;focal_length&quot;:&quot;0&quot;,&quot;iso&quot;:&quot;0&quot;,&quot;shutter_speed&quot;:&quot;0&quot;,&quot;title&quot;:&quot;&quot;,&quot;orientation&quot;:&quot;0&quot;}\" data-image-title=\"afs-care-logo\" data-image-description=\"\" data-image-caption=\"\" data-medium-file=\"https:\/\/www.fitstebedrijf.com\/wp-content\/uploads\/2023\/08\/afs-care-logo-405x400.png\" data-large-file=\"https:\/\/www.fitstebedrijf.com\/wp-content\/uploads\/2023\/08\/afs-care-logo.png\" \/>\t\t\t\t\t\t\n\t\t\t\t\t<\/div>\n\t\t\t\t\t\t<\/a>\t\t\n<style>\n#image_839817248 {\n  width: 60%;\n}\n<\/style>\n\t<\/div>\n\t\n\n<div class=\"text-center\"><div class=\"is-divider divider clearfix\" ><\/div><\/div>\n\n  <div class=\"icon-box testimonial-box icon-box-center text-center\">\n                <div class=\"icon-box-img testimonial-image circle\" style=\"width: 101px\">\n                      <\/div>\n                <div class=\"icon-box-text p-last-0\">\n            \t\t\t\t<div class=\"testimonial-text line-height-small italic test_text first-reset last-reset is-italic\">\n            \n\n<blockquote>\r\n<p class=\"wsite-content-title\">\u00ab\u00a0Onze medewerkers zijn zich bewust over de balans tussen beweging en werk. Iedereen blijft iets doen.\u00a0\u00bb<\/p>\r\n<\/blockquote>\n\n          <\/div>\n          <div class=\"testimonial-meta pt-half\">\n             <strong class=\"testimonial-name test_name\">Miranda Schoenmans<\/strong>\n             <span class=\"testimonial-name-divider\"> \/ <\/span>             <span class=\"testimonial-company test_company\">AFS Care<\/span>\n          <\/div>\n        <\/div>\n  <\/div>\n\n  \n\n\t\t<\/div>\n\t\t\t\t\t<\/div>\n\n\t\n\n\n<style>\n#row-494582261 > .col > .col-inner {\n  padding: 30px 30px 30px 30px;\n}\n<\/style>\n<\/div>\n<div class=\"container section-title-container\" ><h3 class=\"section-title section-title-normal\"><b><\/b><span class=\"section-title-main\" >Questions fr\u00e9quentes<\/span><b><\/b><\/h3><\/div>\n\n<div class=\"accordion\">\n\n<div id=\"accordion-2543555021\" class=\"accordion-item\"><a id=\"accordion-2543555021-label\" href=\"#\" class=\"accordion-title plain\" aria-expanded=\"false\" aria-controls=\"accordion-2543555021-content\"><button class=\"toggle\" aria-label=\"Toggle\"><i class=\"icon-angle-down\"><\/i><\/button><span>Qui peut participer?<\/span><\/a><div id=\"accordion-2543555021-content\" class=\"accordion-inner\" aria-labelledby=\"accordion-2543555021-label\">\n\n<span style=\"font-weight: 400;\">Tous les cabinets comptables sont les bienvenus pour participer au d\u00e9fi de \u00ab\u00a0L\u2019Expert-comptable le Plus en Forme\u00a0\u00bb. Si la sant\u00e9 et la forme physique de vos employ\u00e9s sont des valeurs importantes dans votre entreprise, ce concours est fait pour vous!<\/span>\n\n<\/div><\/div>\n<div id=\"accordion-3409545942\" class=\"accordion-item\"><a id=\"accordion-3409545942-label\" href=\"#\" class=\"accordion-title plain\" aria-expanded=\"false\" aria-controls=\"accordion-3409545942-content\"><button class=\"toggle\" aria-label=\"Toggle\"><i class=\"icon-angle-down\"><\/i><\/button><span>Avec combien de participants devons-nous \u00eatre au minimum ? Y a-t-il un maximum ?<\/span><\/a><div id=\"accordion-3409545942-content\" class=\"accordion-inner\" aria-labelledby=\"accordion-3409545942-label\">\n\n<span style=\"font-weight: 400;\">Il faut au moins avoir 3 participants par cabinet comptable.<\/span>\r\n\r\n<span style=\"font-weight: 400;\">Non, il n&rsquo;y a pas de maximum. Plus il y a d&rsquo;\u00e2mes, plus il y a de joie!<\/span>\n\n<\/div><\/div>\n<div id=\"accordion-1564119766\" class=\"accordion-item\"><a id=\"accordion-1564119766-label\" href=\"#\" class=\"accordion-title plain\" aria-expanded=\"false\" aria-controls=\"accordion-1564119766-content\"><button class=\"toggle\" aria-label=\"Toggle\"><i class=\"icon-angle-down\"><\/i><\/button><span>Comment participer?<\/span><\/a><div id=\"accordion-1564119766-content\" class=\"accordion-inner\" aria-labelledby=\"accordion-1564119766-label\">\n\n<span style=\"font-weight: 400;\">Remplissez le formulaire ci-dessus, et nous vous contacterons dans les 48 heures pour organiser la suite!<\/span>\n<a href=\"https:\/\/www.fitstebedrijf.com\/en\/contact\/\" target=\"_self\" class=\"button primary is-outline\"  style=\"border-radius:10px;\">\n    <span>Contactez-nous<\/span>\n  <\/a>\n\n\n\n<\/div><\/div>\n<div id=\"accordion-3805228852\" class=\"accordion-item\"><a id=\"accordion-3805228852-label\" href=\"#\" class=\"accordion-title plain\" aria-expanded=\"false\" aria-controls=\"accordion-3805228852-content\"><button class=\"toggle\" aria-label=\"Toggle\"><i class=\"icon-angle-down\"><\/i><\/button><span>Quelle est la date limite pour s&apos;inscrire?<\/span><\/a><div id=\"accordion-3805228852-content\" class=\"accordion-inner\" aria-labelledby=\"accordion-3805228852-label\">\n\n<span style=\"font-weight: 400;\">Vous pouvez vous inscrire \u00e0 tout moment et planifier votre p\u00e9riode de 12 semaines avec un de nos coachs. Ensemble, nous choisirons le meilleur moment pour faire le premier test physique.<\/span>\n<a href=\"https:\/\/www.fitstebedrijf.com\/en\/contact\/\" target=\"_self\" class=\"button primary is-outline\"  style=\"border-radius:10px;\">\n    <span>Contactez-nous<\/span>\n  <\/a>\n\n\n\n<\/div><\/div>\n\n<\/div>\n\t<section class=\"section\" id=\"section_1089348880\">\n\t\t<div class=\"bg section-bg fill bg-fill  bg-loaded\" >\n\n\t\t\t\n\t\t\t<div class=\"section-bg-overlay absolute fill\"><\/div>\n\t\t\t\n\n\t\t<\/div>\n\n\t\t\n\n\t\t<div class=\"section-content relative\">\n\t\t\t\n\n<div class=\"row row-large align-middle\"  id=\"row-1992808330\">\n\n\n\t<div id=\"col-180374800\" class=\"col medium-6 small-12 large-6\"  >\n\t\t\t\t<div class=\"col-inner\"  >\n\t\t\t\n\t\t\t\n\n<div class=\"video video-fit mb\" style=\"padding-top:56.25%;\"><iframe loading=\"lazy\" title=\"Het Fitste Bedrijf (The Fittest Company)\" width=\"1020\" height=\"574\" src=\"https:\/\/www.youtube.com\/embed\/LkoteKpNS-M?feature=oembed\" frameborder=\"0\" allow=\"accelerometer; autoplay; clipboard-write; encrypted-media; gyroscope; picture-in-picture; web-share\" referrerpolicy=\"strict-origin-when-cross-origin\" allowfullscreen><\/iframe><\/div>\n\n\n\t\t<\/div>\n\t\t\t\t\t<\/div>\n\n\t\n\n\t<div id=\"col-1848645244\" class=\"col medium-6 small-12 large-6\"  >\n\t\t\t\t<div class=\"col-inner text-left\"  >\n\t\t\t\n\t\t\t\n\n<h2><span style=\"font-weight: 400;\">Votre cabinet deviendra-t-il le plus en forme?<\/span><\/h2>\r\n<span style=\"font-weight: 400;\">Ensemble, relevons le d\u00e9fi! Nous encourageons <strong>une culture de travail plus saine<\/strong>, avec <strong>des r\u00e9sultats durables comme objectif final.<\/strong><\/span>\n<a href=\"https:\/\/www.fitstebedrijf.com\/en\/contact\/\" target=\"_self\" class=\"button primary\"  >\n    <span>Contactez-nous<\/span>\n  <\/a>\n\n\n\n\t\t<\/div>\n\t\t\t\t\t<\/div>\n\n\t\n\n<\/div>\n\n\t\t<\/div>\n\n\t\t\n<style>\n#section_1089348880 {\n  padding-top: 60px;\n  padding-bottom: 60px;\n  background-color: rgb(193, 193, 193);\n}\n#section_1089348880 .section-bg-overlay {\n  background-color: rgba(255, 255, 255, 0.85);\n}\n#section_1089348880 .ux-shape-divider--top svg {\n  height: 150px;\n  --divider-top-width: 100%;\n}\n#section_1089348880 .ux-shape-divider--bottom svg {\n  height: 150px;\n  --divider-width: 100%;\n}\n<\/style>\n\t<\/section>\n\t\n\n","protected":false},"excerpt":{"rendered":"","protected":false},"author":2,"featured_media":0,"parent":0,"menu_order":0,"comment_status":"closed","ping_status":"closed","template":"","meta":{"advanced_seo_description":"","jetpack_seo_html_title":"","jetpack_seo_noindex":false,"jetpack_post_was_ever_published":false,"footnotes":""},"class_list":["post-26460","page","type-page","status-publish","hentry"],"jetpack_shortlink":"https:\/\/wp.me\/P9vfxC-6SM","jetpack_sharing_enabled":true,"_links":{"self":[{"href":"https:\/\/www.fitstebedrijf.com\/fr\/wp-json\/wp\/v2\/pages\/26460","targetHints":{"allow":["GET"]}}],"collection":[{"href":"https:\/\/www.fitstebedrijf.com\/fr\/wp-json\/wp\/v2\/pages"}],"about":[{"href":"https:\/\/www.fitstebedrijf.com\/fr\/wp-json\/wp\/v2\/types\/page"}],"author":[{"embeddable":true,"href":"https:\/\/www.fitstebedrijf.com\/fr\/wp-json\/wp\/v2\/users\/2"}],"replies":[{"embeddable":true,"href":"https:\/\/www.fitstebedrijf.com\/fr\/wp-json\/wp\/v2\/comments?post=26460"}],"version-history":[{"count":34,"href":"https:\/\/www.fitstebedrijf.com\/fr\/wp-json\/wp\/v2\/pages\/26460\/revisions"}],"predecessor-version":[{"id":28065,"href":"https:\/\/www.fitstebedrijf.com\/fr\/wp-json\/wp\/v2\/pages\/26460\/revisions\/28065"}],"wp:attachment":[{"href":"https:\/\/www.fitstebedrijf.com\/fr\/wp-json\/wp\/v2\/media?parent=26460"}],"curies":[{"name":"wp","href":"https:\/\/api.w.org\/{rel}","templated":true}]}}